{"id":1741,"date":"2026-02-21T12:24:36","date_gmt":"2026-02-21T12:24:36","guid":{"rendered":"https:\/\/workgroups.cl\/?page_id=1741"},"modified":"2026-03-30T22:34:40","modified_gmt":"2026-03-30T22:34:40","slug":"ayuda-social-2","status":"publish","type":"page","link":"https:\/\/workgroups.cl\/index.php\/ayuda-social-2\/","title":{"rendered":"AYUDA SOCIAL"},"content":{"rendered":"\n<p><\/p>\n\n\n\n<p class=\"has-medium-font-size\"><strong>Nuestra Empresa al servicio de la Comunidad<\/strong> : <strong style=\"font-style: italic;\">&#8220;No se necesita hacer grandes cosas para cambiar el mundo, los peque\u00f1os detalles hacen la diferencia&#8221;.<\/strong> <strong><em>Ts<\/em><\/strong><\/p>\n\n\n\n<p class=\"has-medium-font-size\"><strong>WORKGROUPS<\/strong>&nbsp;realiza semestralmente una auditor\u00eda gratuita a una comunidad que no cuente con los recursos econ\u00f3micos, previa selecci\u00f3n del caso.<\/p>\n\n\n\n<p class=\"has-medium-font-size\">Este servicio es mediante postulaci\u00f3n. <\/p>\n\n\n\n<p class=\"has-medium-font-size\">Los interesados pueden escribir exponiendo la situaci\u00f3n al correo&nbsp;<strong>probono@workgroups.cl<\/strong><\/p>\n\n\n\n<figure class=\"wp-block-image size-large\"><img loading=\"lazy\" decoding=\"async\" width=\"1024\" height=\"682\" src=\"https:\/\/workgroups.cl\/wp-content\/uploads\/2026\/02\/oficina1-1024x682.jpg\" alt=\"\" class=\"wp-image-1379\" srcset=\"https:\/\/workgroups.cl\/wp-content\/uploads\/2026\/02\/oficina1-1024x682.jpg 1024w, https:\/\/workgroups.cl\/wp-content\/uploads\/2026\/02\/oficina1-300x200.jpg 300w, https:\/\/workgroups.cl\/wp-content\/uploads\/2026\/02\/oficina1-768x512.jpg 768w, https:\/\/workgroups.cl\/wp-content\/uploads\/2026\/02\/oficina1.jpg 1181w\" sizes=\"auto, (max-width: 1024px) 100vw, 1024px\" \/><\/figure>\n","protected":false},"excerpt":{"rendered":"<p>Nuestra Empresa al servicio de la Comunidad : &#8220;No se necesita hacer grandes cosas para cambiar el mundo, los peque\u00f1os detalles hacen la diferencia&#8221;. Ts WORKGROUPS&nbsp;realiza semestralmente una auditor\u00eda gratuita a una comunidad que no cuente con los recursos econ\u00f3micos, previa selecci\u00f3n del caso. Este servicio es mediante postulaci\u00f3n. Los interesados pueden escribir exponiendo la [&hellip;]<\/p>\n","protected":false},"author":2,"featured_media":0,"parent":0,"menu_order":5,"comment_status":"closed","ping_status":"closed","template":"","meta":{"footnotes":""},"class_list":["post-1741","page","type-page","status-publish","hentry"],"blocksy_meta":[],"_links":{"self":[{"href":"https:\/\/workgroups.cl\/index.php\/wp-json\/wp\/v2\/pages\/1741","targetHints":{"allow":["GET"]}}],"collection":[{"href":"https:\/\/workgroups.cl\/index.php\/wp-json\/wp\/v2\/pages"}],"about":[{"href":"https:\/\/workgroups.cl\/index.php\/wp-json\/wp\/v2\/types\/page"}],"author":[{"embeddable":true,"href":"https:\/\/workgroups.cl\/index.php\/wp-json\/wp\/v2\/users\/2"}],"replies":[{"embeddable":true,"href":"https:\/\/workgroups.cl\/index.php\/wp-json\/wp\/v2\/comments?post=1741"}],"version-history":[{"count":17,"href":"https:\/\/workgroups.cl\/index.php\/wp-json\/wp\/v2\/pages\/1741\/revisions"}],"predecessor-version":[{"id":1804,"href":"https:\/\/workgroups.cl\/index.php\/wp-json\/wp\/v2\/pages\/1741\/revisions\/1804"}],"wp:attachment":[{"href":"https:\/\/workgroups.cl\/index.php\/wp-json\/wp\/v2\/media?parent=1741"}],"curies":[{"name":"wp","href":"https:\/\/api.w.org\/{rel}","templated":true}]}}